{"id":56023,"date":"2021-06-22T09:45:11","date_gmt":"2021-06-22T08:45:11","guid":{"rendered":"https:\/\/adfinternational.org\/summit"},"modified":"2024-07-12T13:29:06","modified_gmt":"2024-07-12T12:29:06","slug":"summit","status":"publish","type":"page","link":"https:\/\/adfinternational.org\/de\/summit","title":{"rendered":"Summit"},"content":{"rendered":"\t\t<div data-elementor-type=\"wp-page\" data-elementor-id=\"56023\" class=\"elementor elementor-56023 elementor-693\" data-elementor-post-type=\"page\">\n\t\t\t\t\t\t<section class=\"elementor-section elementor-top-section elementor-element elementor-element-f7bb1d8 elementor-section-boxed elementor-section-height-default elementor-section-height-default\" data-id=\"f7bb1d8\" data-element_type=\"section\" data-e-type=\"section\">\n\t\t\t\t\t\t<div class=\"elementor-container elementor-column-gap-no\">\n\t\t\t\t\t<div class=\"elementor-column elementor-col-100 elementor-top-column elementor-element elementor-element-fbac591\" data-id=\"fbac591\" data-element_type=\"column\" data-e-type=\"column\">\n\t\t\t<div class=\"elementor-widget-wrap elementor-element-populated\">\n\t\t\t\t\t\t<div class=\"elementor-element elementor-element-1a23cec elementor-widget elementor-widget-image\" data-id=\"1a23cec\" data-element_type=\"widget\" data-e-type=\"widget\" data-widget_type=\"image.default\">\n\t\t\t\t<div class=\"elementor-widget-container\">\n\t\t\t\t\t\t\t\t\t\t\t\t\t\t\t<img fetchpriority=\"high\" decoding=\"async\" width=\"1920\" height=\"921\" src=\"https:\/\/adfinternational.org\/wp-content\/uploads\/2021\/06\/9V6A0846-e1624355102689.jpg\" class=\"attachment-full size-full wp-image-3459\" alt=\"\" srcset=\"https:\/\/adfinternational.org\/wp-content\/uploads\/2021\/06\/9V6A0846-e1624355102689.jpg 1920w, https:\/\/adfinternational.org\/wp-content\/uploads\/2021\/06\/9V6A0846-e1624355102689-300x144.jpg 300w, https:\/\/adfinternational.org\/wp-content\/uploads\/2021\/06\/9V6A0846-e1624355102689-1024x491.jpg 1024w, https:\/\/adfinternational.org\/wp-content\/uploads\/2021\/06\/9V6A0846-e1624355102689-768x368.jpg 768w, https:\/\/adfinternational.org\/wp-content\/uploads\/2021\/06\/9V6A0846-e1624355102689-1536x737.jpg 1536w\" sizes=\"(max-width: 1920px) 100vw, 1920px\" \/>\t\t\t\t\t\t\t\t\t\t\t\t\t\t\t<\/div>\n\t\t\t\t<\/div>\n\t\t\t\t\t<\/div>\n\t\t<\/div>\n\t\t\t\t\t<\/div>\n\t\t<\/section>\n\t\t\t\t<section class=\"elementor-section elementor-top-section elementor-element elementor-element-624cf3e elementor-section-boxed elementor-section-height-default elementor-section-height-default\" data-id=\"624cf3e\" data-element_type=\"section\" data-e-type=\"section\">\n\t\t\t\t\t\t<div class=\"elementor-container elementor-column-gap-default\">\n\t\t\t\t\t<div class=\"elementor-column elementor-col-100 elementor-top-column elementor-element elementor-element-628c396\" data-id=\"628c396\" data-element_type=\"column\" data-e-type=\"column\">\n\t\t\t<div class=\"elementor-widget-wrap elementor-element-populated\">\n\t\t\t\t\t\t<div class=\"elementor-element elementor-element-39f2c6b elementor-widget elementor-widget-heading\" data-id=\"39f2c6b\" data-element_type=\"widget\" data-e-type=\"widget\" data-widget_type=\"heading.default\">\n\t\t\t\t<div class=\"elementor-widget-container\">\n\t\t\t\t\t<h1 class=\"elementor-heading-title elementor-size-default\">Summit zur Religionsfreihei<\/h1>\t\t\t\t<\/div>\n\t\t\t\t<\/div>\n\t\t\t\t<div class=\"elementor-element elementor-element-5e053c1 elementor-widget elementor-widget-text-editor\" data-id=\"5e053c1\" data-element_type=\"widget\" data-e-type=\"widget\" data-widget_type=\"text-editor.default\">\n\t\t\t\t<div class=\"elementor-widget-container\">\n\t\t\t\t\t\t\t\t\t<p><strong>Wir unterst\u00fctzen Sie dabei, einen Unterschied zu machen<\/strong><br \/>Das Gipfeltreffen wird von Alliance Defending Freedom geleitet, einem Partner von ADF International. Das au\u00dfergew\u00f6hnliche Programm verbindet eine un\u00fcbertroffene juristische Ausbildung mit einem unersch\u00fctterlichen Engagement f\u00fcr christliche Grunds\u00e4tze. Mehr als 2.000 Anw\u00e4lte haben seit seiner Entstehung 1997 am Programm teilgenommen. Zwar haben sich die behandelten Themen \u2013 und sogar die Struktur des Gipfels selbst \u2013 im Laufe der Jahre ge\u00e4ndert, um auf die dringlichsten Probleme und Bed\u00fcrfnisse des Netzwerkes zu reagieren, doch das \u00fcbergreifende Ziel bleibt dasselbe: Die Teilnehmer sollen in die Lage versetzt werden, sich wirksam f\u00fcr Religionsfreiheit, die Unantastbarkeit des Lebens sowie Ehe und Familie einzusetzen. Die Teilnehmer werden auch Teil einer immer gr\u00f6\u00dfer werdenden globalen Bewegung, die gemeinsam an der Ver\u00e4nderung unserer Rechtskultur arbeitet.<\/p><p>Das Gipfeltreffen bringt christliche Anw\u00e4lte aus der ganzen Welt zusammen, die in allen Bereichen des privaten und \u00f6ffentlichen Dienstes spezialisiert sind. Die Teilnehmer arbeiten mit renommierten Dozenten zusammen und befassen sich mit Themen wie Naturrechtsprinzipien, Verfassungsrecht und Weltanschauungsentwicklung. T\u00e4gliche Gottesdienste und Andachten unterstreichen die Bedeutung der christlichen Haltung f\u00fcr die Aus\u00fcbung des Rechts.<\/p>\t\t\t\t\t\t\t\t<\/div>\n\t\t\t\t<\/div>\n\t\t\t\t\t<\/div>\n\t\t<\/div>\n\t\t\t\t\t<\/div>\n\t\t<\/section>\n\t\t\t\t<section class=\"elementor-section elementor-top-section elementor-element elementor-element-2a01c27 elementor-section-boxed elementor-section-height-default elementor-section-height-default\" data-id=\"2a01c27\" data-element_type=\"section\" data-e-type=\"section\">\n\t\t\t\t\t\t<div class=\"elementor-container elementor-column-gap-default\">\n\t\t\t\t\t<div class=\"elementor-column elementor-col-100 elementor-top-column elementor-element elementor-element-60938aa\" data-id=\"60938aa\" data-element_type=\"column\" data-e-type=\"column\">\n\t\t\t<div class=\"elementor-widget-wrap elementor-element-populated\">\n\t\t\t\t\t\t<div class=\"elementor-element elementor-element-f94e496 elementor-widget elementor-widget-text-editor\" data-id=\"f94e496\" data-element_type=\"widget\" data-e-type=\"widget\" data-widget_type=\"text-editor.default\">\n\t\t\t\t<div class=\"elementor-widget-container\">\n\t\t\t\t\t\t\t\t\t<h2>Haben Sie Interesse am Summit?<\/h2>\t\t\t\t\t\t\t\t<\/div>\n\t\t\t\t<\/div>\n\t\t\t\t<div class=\"elementor-element elementor-element-3ab0a74 elementor-align-center elementor-widget elementor-widget-button\" data-id=\"3ab0a74\" data-element_type=\"widget\" data-e-type=\"widget\" data-widget_type=\"button.default\">\n\t\t\t\t<div class=\"elementor-widget-container\">\n\t\t\t\t\t\t\t\t\t<div class=\"elementor-button-wrapper\">\n\t\t\t\t\t<a class=\"elementor-button elementor-button-link elementor-size-md\" href=\"\/de\/kontakt\">\n\t\t\t\t\t\t<span class=\"elementor-button-content-wrapper\">\n\t\t\t\t\t\t\t\t\t<span class=\"elementor-button-text\">Kontakt<\/span>\n\t\t\t\t\t<\/span>\n\t\t\t\t\t<\/a>\n\t\t\t\t<\/div>\n\t\t\t\t\t\t\t\t<\/div>\n\t\t\t\t<\/div>\n\t\t\t\t\t<\/div>\n\t\t<\/div>\n\t\t\t\t\t<\/div>\n\t\t<\/section>\n\t\t\t\t<\/div>\n\t\t","protected":false},"excerpt":{"rendered":"<p>Summit zur Religionsfreihei Wir unterst\u00fctzen Sie dabei, einen Unterschied zu machenDas Gipfeltreffen wird von Alliance Defending Freedom geleitet, einem Partner von ADF International. Das au\u00dfergew\u00f6hnliche Programm verbindet eine un\u00fcbertroffene juristische Ausbildung mit einem unersch\u00fctterlichen Engagement f\u00fcr christliche Grunds\u00e4tze. Mehr als 2.000 Anw\u00e4lte haben seit seiner Entstehung 1997 am Programm teilgenommen. Zwar haben sich die behandelten [&hellip;]<\/p>\n","protected":false},"author":5,"featured_media":0,"parent":0,"menu_order":0,"comment_status":"closed","ping_status":"closed","template":"","meta":{"_acf_changed":false,"give_campaign_id":0,"footnotes":""},"class_list":["post-56023","page","type-page","status-publish","hentry"],"acf":[],"yoast_head":"<!-- This site is optimized with the Yoast SEO Premium plugin v27.3 (Yoast SEO v27.3) - https:\/\/yoast.com\/product\/yoast-seo-premium-wordpress\/ -->\n<title>Summit - ADF International<\/title>\n<meta name=\"robots\" content=\"index, follow, max-snippet:-1, max-image-preview:large, max-video-preview:-1\" \/>\n<link rel=\"canonical\" href=\"https:\/\/adfinternational.org\/de\/summit\" \/>\n<meta property=\"og:locale\" content=\"de_DE\" \/>\n<meta property=\"og:type\" content=\"article\" \/>\n<meta property=\"og:title\" content=\"Summit\" \/>\n<meta property=\"og:description\" content=\"Summit zur Religionsfreihei Wir unterst\u00fctzen Sie dabei, einen Unterschied zu machenDas Gipfeltreffen wird von Alliance Defending Freedom geleitet, einem Partner von ADF International. Das au\u00dfergew\u00f6hnliche Programm verbindet eine un\u00fcbertroffene juristische Ausbildung mit einem unersch\u00fctterlichen Engagement f\u00fcr christliche Grunds\u00e4tze. Mehr als 2.000 Anw\u00e4lte haben seit seiner Entstehung 1997 am Programm teilgenommen. Zwar haben sich die behandelten [&hellip;]\" \/>\n<meta property=\"og:url\" content=\"https:\/\/adfinternational.org\/de\/summit\" \/>\n<meta property=\"og:site_name\" content=\"ADF International\" \/>\n<meta property=\"article:publisher\" content=\"https:\/\/facebook.com\/adfinternational\" \/>\n<meta property=\"article:modified_time\" content=\"2024-07-12T12:29:06+00:00\" \/>\n<meta property=\"og:image\" content=\"https:\/\/adfinternational.org\/wp-content\/uploads\/2021\/06\/9V6A0846-e1624355102689.jpg\" \/>\n<meta name=\"twitter:card\" content=\"summary_large_image\" \/>\n<meta name=\"twitter:site\" content=\"@adfintl\" \/>\n<meta name=\"twitter:label1\" content=\"Gesch\u00e4tzte Lesezeit\" \/>\n\t<meta name=\"twitter:data1\" content=\"2 Minuten\" \/>\n<script type=\"application\/ld+json\" class=\"yoast-schema-graph\">{\"@context\":\"https:\\\/\\\/schema.org\",\"@graph\":[{\"@type\":\"WebPage\",\"@id\":\"https:\\\/\\\/adfinternational.org\\\/de\\\/summit\",\"url\":\"https:\\\/\\\/adfinternational.org\\\/de\\\/summit\",\"name\":\"Summit - ADF International\",\"isPartOf\":{\"@id\":\"https:\\\/\\\/adfinternational.org\\\/de\\\/#website\"},\"primaryImageOfPage\":{\"@id\":\"https:\\\/\\\/adfinternational.org\\\/de\\\/summit#primaryimage\"},\"image\":{\"@id\":\"https:\\\/\\\/adfinternational.org\\\/de\\\/summit#primaryimage\"},\"thumbnailUrl\":\"https:\\\/\\\/adfinternational.org\\\/wp-content\\\/uploads\\\/2021\\\/06\\\/9V6A0846-e1624355102689.jpg\",\"datePublished\":\"2021-06-22T08:45:11+00:00\",\"dateModified\":\"2024-07-12T12:29:06+00:00\",\"breadcrumb\":{\"@id\":\"https:\\\/\\\/adfinternational.org\\\/de\\\/summit#breadcrumb\"},\"inLanguage\":\"de-DE\",\"potentialAction\":[{\"@type\":\"ReadAction\",\"target\":[\"https:\\\/\\\/adfinternational.org\\\/de\\\/summit\"]}]},{\"@type\":\"ImageObject\",\"inLanguage\":\"de-DE\",\"@id\":\"https:\\\/\\\/adfinternational.org\\\/de\\\/summit#primaryimage\",\"url\":\"https:\\\/\\\/adfinternational.org\\\/wp-content\\\/uploads\\\/2021\\\/06\\\/9V6A0846-e1624355102689.jpg\",\"contentUrl\":\"https:\\\/\\\/adfinternational.org\\\/wp-content\\\/uploads\\\/2021\\\/06\\\/9V6A0846-e1624355102689.jpg\"},{\"@type\":\"BreadcrumbList\",\"@id\":\"https:\\\/\\\/adfinternational.org\\\/de\\\/summit#breadcrumb\",\"itemListElement\":[{\"@type\":\"ListItem\",\"position\":1,\"name\":\"Home\",\"item\":\"https:\\\/\\\/adfinternational.org\\\/de\"},{\"@type\":\"ListItem\",\"position\":2,\"name\":\"Summit\"}]},{\"@type\":\"WebSite\",\"@id\":\"https:\\\/\\\/adfinternational.org\\\/de\\\/#website\",\"url\":\"https:\\\/\\\/adfinternational.org\\\/de\\\/\",\"name\":\"ADF International\",\"description\":\"Protecting Fundamental Freedoms. Promoting Inherent Dignity.\",\"publisher\":{\"@id\":\"https:\\\/\\\/adfinternational.org\\\/de\\\/#organization\"},\"potentialAction\":[{\"@type\":\"SearchAction\",\"target\":{\"@type\":\"EntryPoint\",\"urlTemplate\":\"https:\\\/\\\/adfinternational.org\\\/de\\\/?s={search_term_string}\"},\"query-input\":{\"@type\":\"PropertyValueSpecification\",\"valueRequired\":true,\"valueName\":\"search_term_string\"}}],\"inLanguage\":\"de-DE\"},{\"@type\":\"Organization\",\"@id\":\"https:\\\/\\\/adfinternational.org\\\/de\\\/#organization\",\"name\":\"Alliance Defending Freedom International\",\"url\":\"https:\\\/\\\/adfinternational.org\\\/de\\\/\",\"logo\":{\"@type\":\"ImageObject\",\"inLanguage\":\"de-DE\",\"@id\":\"https:\\\/\\\/adfinternational.org\\\/de\\\/#\\\/schema\\\/logo\\\/image\\\/\",\"url\":\"https:\\\/\\\/adfinternational.org\\\/wp-content\\\/uploads\\\/2021\\\/08\\\/ADF_Intl_R_RGB_175px.png\",\"contentUrl\":\"https:\\\/\\\/adfinternational.org\\\/wp-content\\\/uploads\\\/2021\\\/08\\\/ADF_Intl_R_RGB_175px.png\",\"width\":175,\"height\":106,\"caption\":\"Alliance Defending Freedom International\"},\"image\":{\"@id\":\"https:\\\/\\\/adfinternational.org\\\/de\\\/#\\\/schema\\\/logo\\\/image\\\/\"},\"sameAs\":[\"https:\\\/\\\/facebook.com\\\/adfinternational\",\"https:\\\/\\\/x.com\\\/adfintl\",\"https:\\\/\\\/www.linkedin.com\\\/company\\\/adfinternational\",\"https:\\\/\\\/www.instagram.com\\\/adfinternational\\\/\"]}]}<\/script>\n<!-- \/ Yoast SEO Premium plugin. -->","yoast_head_json":{"title":"Summit - ADF International","robots":{"index":"index","follow":"follow","max-snippet":"max-snippet:-1","max-image-preview":"max-image-preview:large","max-video-preview":"max-video-preview:-1"},"canonical":"https:\/\/adfinternational.org\/de\/summit","og_locale":"de_DE","og_type":"article","og_title":"Summit","og_description":"Summit zur Religionsfreihei Wir unterst\u00fctzen Sie dabei, einen Unterschied zu machenDas Gipfeltreffen wird von Alliance Defending Freedom geleitet, einem Partner von ADF International. Das au\u00dfergew\u00f6hnliche Programm verbindet eine un\u00fcbertroffene juristische Ausbildung mit einem unersch\u00fctterlichen Engagement f\u00fcr christliche Grunds\u00e4tze. Mehr als 2.000 Anw\u00e4lte haben seit seiner Entstehung 1997 am Programm teilgenommen. Zwar haben sich die behandelten [&hellip;]","og_url":"https:\/\/adfinternational.org\/de\/summit","og_site_name":"ADF International","article_publisher":"https:\/\/facebook.com\/adfinternational","article_modified_time":"2024-07-12T12:29:06+00:00","og_image":[{"url":"https:\/\/adfinternational.org\/wp-content\/uploads\/2021\/06\/9V6A0846-e1624355102689.jpg","type":"","width":"","height":""}],"twitter_card":"summary_large_image","twitter_site":"@adfintl","twitter_misc":{"Gesch\u00e4tzte Lesezeit":"2 Minuten"},"schema":{"@context":"https:\/\/schema.org","@graph":[{"@type":"WebPage","@id":"https:\/\/adfinternational.org\/de\/summit","url":"https:\/\/adfinternational.org\/de\/summit","name":"Summit - ADF International","isPartOf":{"@id":"https:\/\/adfinternational.org\/de\/#website"},"primaryImageOfPage":{"@id":"https:\/\/adfinternational.org\/de\/summit#primaryimage"},"image":{"@id":"https:\/\/adfinternational.org\/de\/summit#primaryimage"},"thumbnailUrl":"https:\/\/adfinternational.org\/wp-content\/uploads\/2021\/06\/9V6A0846-e1624355102689.jpg","datePublished":"2021-06-22T08:45:11+00:00","dateModified":"2024-07-12T12:29:06+00:00","breadcrumb":{"@id":"https:\/\/adfinternational.org\/de\/summit#breadcrumb"},"inLanguage":"de-DE","potentialAction":[{"@type":"ReadAction","target":["https:\/\/adfinternational.org\/de\/summit"]}]},{"@type":"ImageObject","inLanguage":"de-DE","@id":"https:\/\/adfinternational.org\/de\/summit#primaryimage","url":"https:\/\/adfinternational.org\/wp-content\/uploads\/2021\/06\/9V6A0846-e1624355102689.jpg","contentUrl":"https:\/\/adfinternational.org\/wp-content\/uploads\/2021\/06\/9V6A0846-e1624355102689.jpg"},{"@type":"BreadcrumbList","@id":"https:\/\/adfinternational.org\/de\/summit#breadcrumb","itemListElement":[{"@type":"ListItem","position":1,"name":"Home","item":"https:\/\/adfinternational.org\/de"},{"@type":"ListItem","position":2,"name":"Summit"}]},{"@type":"WebSite","@id":"https:\/\/adfinternational.org\/de\/#website","url":"https:\/\/adfinternational.org\/de\/","name":"ADF International","description":"Protecting Fundamental Freedoms. Promoting Inherent Dignity.","publisher":{"@id":"https:\/\/adfinternational.org\/de\/#organization"},"potentialAction":[{"@type":"SearchAction","target":{"@type":"EntryPoint","urlTemplate":"https:\/\/adfinternational.org\/de\/?s={search_term_string}"},"query-input":{"@type":"PropertyValueSpecification","valueRequired":true,"valueName":"search_term_string"}}],"inLanguage":"de-DE"},{"@type":"Organization","@id":"https:\/\/adfinternational.org\/de\/#organization","name":"Alliance Defending Freedom International","url":"https:\/\/adfinternational.org\/de\/","logo":{"@type":"ImageObject","inLanguage":"de-DE","@id":"https:\/\/adfinternational.org\/de\/#\/schema\/logo\/image\/","url":"https:\/\/adfinternational.org\/wp-content\/uploads\/2021\/08\/ADF_Intl_R_RGB_175px.png","contentUrl":"https:\/\/adfinternational.org\/wp-content\/uploads\/2021\/08\/ADF_Intl_R_RGB_175px.png","width":175,"height":106,"caption":"Alliance Defending Freedom International"},"image":{"@id":"https:\/\/adfinternational.org\/de\/#\/schema\/logo\/image\/"},"sameAs":["https:\/\/facebook.com\/adfinternational","https:\/\/x.com\/adfintl","https:\/\/www.linkedin.com\/company\/adfinternational","https:\/\/www.instagram.com\/adfinternational\/"]}]}},"campaignId":"","_links":{"self":[{"href":"https:\/\/adfinternational.org\/de\/wp-json\/wp\/v2\/pages\/56023","targetHints":{"allow":["GET"]}}],"collection":[{"href":"https:\/\/adfinternational.org\/de\/wp-json\/wp\/v2\/pages"}],"about":[{"href":"https:\/\/adfinternational.org\/de\/wp-json\/wp\/v2\/types\/page"}],"author":[{"embeddable":true,"href":"https:\/\/adfinternational.org\/de\/wp-json\/wp\/v2\/users\/5"}],"replies":[{"embeddable":true,"href":"https:\/\/adfinternational.org\/de\/wp-json\/wp\/v2\/comments?post=56023"}],"version-history":[{"count":0,"href":"https:\/\/adfinternational.org\/de\/wp-json\/wp\/v2\/pages\/56023\/revisions"}],"wp:attachment":[{"href":"https:\/\/adfinternational.org\/de\/wp-json\/wp\/v2\/media?parent=56023"}],"curies":[{"name":"wp","href":"https:\/\/api.w.org\/{rel}","templated":true}]}}