{"id":77378,"date":"2025-09-16T12:05:29","date_gmt":"2025-09-16T10:05:29","guid":{"rendered":"https:\/\/adfinternational.org\/?page_id=77378"},"modified":"2025-10-02T19:21:32","modified_gmt":"2025-10-02T17:21:32","slug":"veranstaltung-marsch-fuers-leben-wien-2025","status":"publish","type":"page","link":"https:\/\/adfinternational.org\/de\/veranstaltung-marsch-fuers-leben-wien-2025","title":{"rendered":"Veranstaltung Marsch f\u00fcrs Leben Wien 2025"},"content":{"rendered":"\t\t<div data-elementor-type=\"wp-page\" data-elementor-id=\"77378\" class=\"elementor elementor-77378\" data-elementor-post-type=\"page\">\n\t\t\t\t\t\t<section class=\"elementor-section elementor-top-section elementor-element elementor-element-a89edee elementor-section-boxed elementor-section-height-default elementor-section-height-default\" data-id=\"a89edee\" data-element_type=\"section\" data-e-type=\"section\">\n\t\t\t\t\t\t<div class=\"elementor-container elementor-column-gap-default\">\n\t\t\t\t\t<div class=\"elementor-column elementor-col-33 elementor-top-column elementor-element elementor-element-6ca85a3\" data-id=\"6ca85a3\" data-element_type=\"column\" data-e-type=\"column\">\n\t\t\t<div class=\"elementor-widget-wrap\">\n\t\t\t\t\t\t\t<\/div>\n\t\t<\/div>\n\t\t\t\t<div class=\"elementor-column elementor-col-33 elementor-top-column elementor-element elementor-element-e6cf7a0\" data-id=\"e6cf7a0\" data-element_type=\"column\" data-e-type=\"column\">\n\t\t\t<div class=\"elementor-widget-wrap elementor-element-populated\">\n\t\t\t\t\t\t<div class=\"elementor-element elementor-element-df8e64b elementor-widget__width-initial elementor-widget elementor-widget-image\" data-id=\"df8e64b\" data-element_type=\"widget\" data-e-type=\"widget\" data-widget_type=\"image.default\">\n\t\t\t\t<div class=\"elementor-widget-container\">\n\t\t\t\t\t\t\t\t\t\t\t\t\t\t\t<img fetchpriority=\"high\" decoding=\"async\" width=\"1024\" height=\"1024\" src=\"https:\/\/adfinternational.org\/wp-content\/uploads\/2025\/09\/m4l_cocktail_hero.webp\" class=\"attachment-large size-large wp-image-77452\" alt=\"\" srcset=\"https:\/\/adfinternational.org\/wp-content\/uploads\/2025\/09\/m4l_cocktail_hero.webp 1024w, https:\/\/adfinternational.org\/wp-content\/uploads\/2025\/09\/m4l_cocktail_hero-300x300.webp 300w, https:\/\/adfinternational.org\/wp-content\/uploads\/2025\/09\/m4l_cocktail_hero-150x150.webp 150w, https:\/\/adfinternational.org\/wp-content\/uploads\/2025\/09\/m4l_cocktail_hero-768x768.webp 768w, https:\/\/adfinternational.org\/wp-content\/uploads\/2025\/09\/m4l_cocktail_hero-500x500.webp 500w\" sizes=\"(max-width: 1024px) 100vw, 1024px\" \/>\t\t\t\t\t\t\t\t\t\t\t\t\t\t\t<\/div>\n\t\t\t\t<\/div>\n\t\t\t\t\t<\/div>\n\t\t<\/div>\n\t\t\t\t<div class=\"elementor-column elementor-col-33 elementor-top-column elementor-element elementor-element-2947801\" data-id=\"2947801\" data-element_type=\"column\" data-e-type=\"column\">\n\t\t\t<div class=\"elementor-widget-wrap\">\n\t\t\t\t\t\t\t<\/div>\n\t\t<\/div>\n\t\t\t\t\t<\/div>\n\t\t<\/section>\n\t\t\t\t<section class=\"elementor-section elementor-top-section elementor-element elementor-element-2393e2a elementor-section-boxed elementor-section-height-default elementor-section-height-default\" data-id=\"2393e2a\" data-element_type=\"section\" data-e-type=\"section\">\n\t\t\t\t\t\t<div class=\"elementor-container elementor-column-gap-default\">\n\t\t\t\t\t<div class=\"elementor-column elementor-col-100 elementor-top-column elementor-element elementor-element-69e8c57\" data-id=\"69e8c57\" data-element_type=\"column\" data-e-type=\"column\">\n\t\t\t<div class=\"elementor-widget-wrap elementor-element-populated\">\n\t\t\t\t\t\t<div class=\"elementor-element elementor-element-e07ede2 elementor-widget elementor-widget-heading\" data-id=\"e07ede2\" data-element_type=\"widget\" data-e-type=\"widget\" data-widget_type=\"heading.default\">\n\t\t\t\t<div class=\"elementor-widget-container\">\n\t\t\t\t\t<h2 class=\"elementor-heading-title elementor-size-default\">ADF International, gemeinsam mit der Stiftung Ja zum Leben und dem Marsch f\u00fcr das Leben \u00d6sterreich, l\u00e4dt Sie herzlich zu einem Empfang am Vorabend des Marsches f\u00fcr das Leben ein.<\/h2>\t\t\t\t<\/div>\n\t\t\t\t<\/div>\n\t\t\t\t\t<\/div>\n\t\t<\/div>\n\t\t\t\t\t<\/div>\n\t\t<\/section>\n\t\t\t\t<section class=\"elementor-section elementor-top-section elementor-element elementor-element-0fd7d6f elementor-section-boxed elementor-section-height-default elementor-section-height-default\" data-id=\"0fd7d6f\" data-element_type=\"section\" data-e-type=\"section\">\n\t\t\t\t\t\t<div class=\"elementor-container elementor-column-gap-default\">\n\t\t\t\t\t<div class=\"elementor-column elementor-col-20 elementor-top-column elementor-element elementor-element-e827d4e\" data-id=\"e827d4e\" data-element_type=\"column\" data-e-type=\"column\">\n\t\t\t<div class=\"elementor-widget-wrap\">\n\t\t\t\t\t\t\t<\/div>\n\t\t<\/div>\n\t\t\t\t<div class=\"elementor-column elementor-col-20 elementor-top-column elementor-element elementor-element-872cb6e\" data-id=\"872cb6e\" data-element_type=\"column\" data-e-type=\"column\">\n\t\t\t<div class=\"elementor-widget-wrap elementor-element-populated\">\n\t\t\t\t\t\t<div class=\"elementor-element elementor-element-c339e08 elementor-widget__width-initial elementor-widget elementor-widget-image\" data-id=\"c339e08\" data-element_type=\"widget\" data-e-type=\"widget\" data-widget_type=\"image.default\">\n\t\t\t\t<div class=\"elementor-widget-container\">\n\t\t\t\t\t\t\t\t\t\t\t\t\t\t\t<img decoding=\"async\" width=\"344\" height=\"344\" src=\"https:\/\/adfinternational.org\/wp-content\/uploads\/2025\/09\/mfl_wien.webp\" class=\"attachment-large size-large wp-image-77387\" alt=\"\" srcset=\"https:\/\/adfinternational.org\/wp-content\/uploads\/2025\/09\/mfl_wien.webp 344w, https:\/\/adfinternational.org\/wp-content\/uploads\/2025\/09\/mfl_wien-300x300.webp 300w, https:\/\/adfinternational.org\/wp-content\/uploads\/2025\/09\/mfl_wien-150x150.webp 150w\" sizes=\"(max-width: 344px) 100vw, 344px\" \/>\t\t\t\t\t\t\t\t\t\t\t\t\t\t\t<\/div>\n\t\t\t\t<\/div>\n\t\t\t\t\t<\/div>\n\t\t<\/div>\n\t\t\t\t<div class=\"elementor-column elementor-col-20 elementor-top-column elementor-element elementor-element-776c410\" data-id=\"776c410\" data-element_type=\"column\" data-e-type=\"column\">\n\t\t\t<div class=\"elementor-widget-wrap elementor-element-populated\">\n\t\t\t\t\t\t<div class=\"elementor-element elementor-element-27e51e4 elementor-widget elementor-widget-image\" data-id=\"27e51e4\" data-element_type=\"widget\" data-e-type=\"widget\" data-widget_type=\"image.default\">\n\t\t\t\t<div class=\"elementor-widget-container\">\n\t\t\t\t\t\t\t\t\t\t\t\t\t\t\t<img decoding=\"async\" width=\"400\" height=\"220\" src=\"https:\/\/adfinternational.org\/wp-content\/uploads\/2021\/04\/logo.png\" class=\"attachment-large size-large wp-image-3296\" alt=\"\" srcset=\"https:\/\/adfinternational.org\/wp-content\/uploads\/2021\/04\/logo.png 400w, https:\/\/adfinternational.org\/wp-content\/uploads\/2021\/04\/logo-300x165.png 300w\" sizes=\"(max-width: 400px) 100vw, 400px\" \/>\t\t\t\t\t\t\t\t\t\t\t\t\t\t\t<\/div>\n\t\t\t\t<\/div>\n\t\t\t\t\t<\/div>\n\t\t<\/div>\n\t\t\t\t<div class=\"elementor-column elementor-col-20 elementor-top-column elementor-element elementor-element-4faddfa\" data-id=\"4faddfa\" data-element_type=\"column\" data-e-type=\"column\">\n\t\t\t<div class=\"elementor-widget-wrap elementor-element-populated\">\n\t\t\t\t\t\t<div class=\"elementor-element elementor-element-4c3af51 elementor-widget__width-initial elementor-widget elementor-widget-image\" data-id=\"4c3af51\" data-element_type=\"widget\" data-e-type=\"widget\" data-widget_type=\"image.default\">\n\t\t\t\t<div class=\"elementor-widget-container\">\n\t\t\t\t\t\t\t\t\t\t\t\t\t\t\t<img loading=\"lazy\" decoding=\"async\" width=\"1024\" height=\"858\" src=\"https:\/\/adfinternational.org\/wp-content\/uploads\/2025\/09\/logo-stiftung-ja-zum-leben-4c-1024x858.png\" class=\"attachment-large size-large wp-image-77394\" alt=\"\" srcset=\"https:\/\/adfinternational.org\/wp-content\/uploads\/2025\/09\/logo-stiftung-ja-zum-leben-4c-1024x858.png 1024w, https:\/\/adfinternational.org\/wp-content\/uploads\/2025\/09\/logo-stiftung-ja-zum-leben-4c-300x251.png 300w, https:\/\/adfinternational.org\/wp-content\/uploads\/2025\/09\/logo-stiftung-ja-zum-leben-4c-768x643.png 768w, https:\/\/adfinternational.org\/wp-content\/uploads\/2025\/09\/logo-stiftung-ja-zum-leben-4c-1536x1286.png 1536w, https:\/\/adfinternational.org\/wp-content\/uploads\/2025\/09\/logo-stiftung-ja-zum-leben-4c.png 1711w\" sizes=\"(max-width: 1024px) 100vw, 1024px\" \/>\t\t\t\t\t\t\t\t\t\t\t\t\t\t\t<\/div>\n\t\t\t\t<\/div>\n\t\t\t\t\t<\/div>\n\t\t<\/div>\n\t\t\t\t<div class=\"elementor-column elementor-col-20 elementor-top-column elementor-element elementor-element-821bb1c\" data-id=\"821bb1c\" data-element_type=\"column\" data-e-type=\"column\">\n\t\t\t<div class=\"elementor-widget-wrap\">\n\t\t\t\t\t\t\t<\/div>\n\t\t<\/div>\n\t\t\t\t\t<\/div>\n\t\t<\/section>\n\t\t\t\t<section class=\"elementor-section elementor-top-section elementor-element elementor-element-56ca0d3 elementor-section-boxed elementor-section-height-default elementor-section-height-default\" data-id=\"56ca0d3\" data-element_type=\"section\" data-e-type=\"section\">\n\t\t\t\t\t\t<div class=\"elementor-container elementor-column-gap-default\">\n\t\t\t\t\t<div class=\"elementor-column elementor-col-100 elementor-top-column elementor-element elementor-element-16b8d6f\" data-id=\"16b8d6f\" data-element_type=\"column\" data-e-type=\"column\">\n\t\t\t<div class=\"elementor-widget-wrap elementor-element-populated\">\n\t\t\t\t\t\t<div class=\"elementor-element elementor-element-5cc2003 elementor-widget elementor-widget-heading\" data-id=\"5cc2003\" data-element_type=\"widget\" data-e-type=\"widget\" data-widget_type=\"heading.default\">\n\t\t\t\t<div class=\"elementor-widget-container\">\n\t\t\t\t\t<h2 class=\"elementor-heading-title elementor-size-default\">Wir freuen uns auf einen gemeinsamen Abend.<\/h2>\t\t\t\t<\/div>\n\t\t\t\t<\/div>\n\t\t\t\t\t<\/div>\n\t\t<\/div>\n\t\t\t\t\t<\/div>\n\t\t<\/section>\n\t\t\t\t<section class=\"elementor-section elementor-top-section elementor-element elementor-element-6b84441 elementor-reverse-tablet elementor-reverse-mobile elementor-hidden-desktop elementor-hidden-tablet elementor-hidden-mobile elementor-section-boxed elementor-section-height-default elementor-section-height-default\" data-id=\"6b84441\" data-element_type=\"section\" data-e-type=\"section\">\n\t\t\t\t\t\t<div class=\"elementor-container elementor-column-gap-default\">\n\t\t\t\t\t<div class=\"elementor-column elementor-col-100 elementor-top-column elementor-element elementor-element-196ea4e\" data-id=\"196ea4e\" data-element_type=\"column\" data-e-type=\"column\">\n\t\t\t<div class=\"elementor-widget-wrap elementor-element-populated\">\n\t\t\t\t\t\t<div class=\"elementor-element elementor-element-5142984 elementor-widget elementor-widget-heading\" data-id=\"5142984\" data-element_type=\"widget\" data-e-type=\"widget\" data-widget_type=\"heading.default\">\n\t\t\t\t<div class=\"elementor-widget-container\">\n\t\t\t\t\t<h2 class=\"elementor-heading-title elementor-size-default\">Anmeldung<\/h2>\t\t\t\t<\/div>\n\t\t\t\t<\/div>\n\t\t\t\t<div class=\"elementor-element elementor-element-89351f0 elementor-widget elementor-widget-menu-anchor\" data-id=\"89351f0\" data-element_type=\"widget\" data-e-type=\"widget\" data-widget_type=\"menu-anchor.default\">\n\t\t\t\t<div class=\"elementor-widget-container\">\n\t\t\t\t\t\t\t<div class=\"elementor-menu-anchor\" id=\"anmelden\"><\/div>\n\t\t\t\t\t\t<\/div>\n\t\t\t\t<\/div>\n\t\t\t\t<div class=\"elementor-element elementor-element-8ec814e elementor-widget elementor-widget-text-editor\" data-id=\"8ec814e\" data-element_type=\"widget\" data-e-type=\"widget\" data-widget_type=\"text-editor.default\">\n\t\t\t\t<div class=\"elementor-widget-container\">\n\t\t\t\t\t\t\t\t\t<p>Melden Sie sich hier f\u00fcr die ADF International Veranstaltung\u00a0 in Wien am Freitag, <strong>3. Oktober 2025 um 18:30 Uhr <\/strong>an.<\/p><p>\ud83d\udcc5 <strong>Freitag, 3. Oktober 2024<\/strong><\/p><p>\ud83d\udd61 <strong>18:30 \u2013 21:00 Uhr<\/strong><\/p><p>\ud83d\udccd <strong>ADF International, Reisnerstra\u00dfe 40, 1030 Wien (2. Stock)<\/strong><\/p><p>Ein Abend in guter Gesellschaft \u2013 zum Vernetzen, Austauschen und Einstimmen auf den Marsch f\u00fcr das Leben am folgenden Tag.<\/p>\t\t\t\t\t\t\t\t<\/div>\n\t\t\t\t<\/div>\n\t\t\t\t<div class=\"elementor-element elementor-element-b259ac0 elementor-widget elementor-widget-shortcode\" data-id=\"b259ac0\" data-element_type=\"widget\" data-e-type=\"widget\" data-widget_type=\"shortcode.default\">\n\t\t\t\t<div class=\"elementor-widget-container\">\n\t\t\t\t\t\t\t<div class=\"elementor-shortcode\"><\/div>\n\t\t\t\t\t\t<\/div>\n\t\t\t\t<\/div>\n\t\t\t\t\t<\/div>\n\t\t<\/div>\n\t\t\t\t\t<\/div>\n\t\t<\/section>\n\t\t\t\t<\/div>\n\t\t","protected":false},"excerpt":{"rendered":"<p>ADF International, gemeinsam mit der Stiftung Ja zum Leben und dem Marsch f\u00fcr das Leben \u00d6sterreich, l\u00e4dt Sie herzlich zu einem Empfang am Vorabend des Marsches f\u00fcr das Leben ein. Wir freuen uns auf einen gemeinsamen Abend. Anmeldung Melden Sie sich hier f\u00fcr die ADF International Veranstaltung\u00a0 in Wien am Freitag, 3. Oktober 2025 um [&hellip;]<\/p>\n","protected":false},"author":44,"featured_media":0,"parent":0,"menu_order":0,"comment_status":"closed","ping_status":"closed","template":"","meta":{"_acf_changed":false,"give_campaign_id":0,"footnotes":""},"class_list":["post-77378","page","type-page","status-publish","hentry"],"acf":[],"yoast_head":"<!-- This site is optimized with the Yoast SEO Premium plugin v27.5 (Yoast SEO v27.5) - https:\/\/yoast.com\/product\/yoast-seo-premium-wordpress\/ -->\n<title>Veranstaltung Marsch f\u00fcrs Leben Wien 2025 - ADF International<\/title>\n<meta name=\"robots\" content=\"index, nofollow, max-snippet:-1, max-image-preview:large, max-video-preview:-1\" \/>\n<link rel=\"canonical\" href=\"https:\/\/adfinternational.org\/de\/veranstaltung-marsch-fuers-leben-wien-2025\" \/>\n<meta property=\"og:locale\" content=\"de_DE\" \/>\n<meta property=\"og:type\" content=\"article\" \/>\n<meta property=\"og:title\" content=\"Veranstaltung Marsch f\u00fcrs Leben Wien 2025\" \/>\n<meta property=\"og:description\" content=\"ADF International, gemeinsam mit der Stiftung Ja zum Leben und dem Marsch f\u00fcr das Leben \u00d6sterreich, l\u00e4dt Sie herzlich zu einem Empfang am Vorabend des Marsches f\u00fcr das Leben ein. Wir freuen uns auf einen gemeinsamen Abend. Anmeldung Melden Sie sich hier f\u00fcr die ADF International Veranstaltung\u00a0 in Wien am Freitag, 3. Oktober 2025 um [&hellip;]\" \/>\n<meta property=\"og:url\" content=\"https:\/\/adfinternational.org\/de\/veranstaltung-marsch-fuers-leben-wien-2025\" \/>\n<meta property=\"og:site_name\" content=\"ADF International\" \/>\n<meta property=\"article:publisher\" content=\"https:\/\/facebook.com\/adfinternational\" \/>\n<meta property=\"article:modified_time\" content=\"2025-10-02T17:21:32+00:00\" \/>\n<meta property=\"og:image\" content=\"https:\/\/adfinternational.org\/wp-content\/uploads\/2025\/09\/m4l_cocktail_hero.webp\" \/>\n\t<meta property=\"og:image:width\" content=\"1024\" \/>\n\t<meta property=\"og:image:height\" content=\"1024\" \/>\n\t<meta property=\"og:image:type\" content=\"image\/webp\" \/>\n<meta name=\"twitter:card\" content=\"summary_large_image\" \/>\n<meta name=\"twitter:site\" content=\"@adfintl\" \/>\n<meta name=\"twitter:label1\" content=\"Gesch\u00e4tzte Lesezeit\" \/>\n\t<meta name=\"twitter:data1\" content=\"2 Minuten\" \/>\n<script type=\"application\/ld+json\" class=\"yoast-schema-graph\">{\"@context\":\"https:\\\/\\\/schema.org\",\"@graph\":[{\"@type\":\"WebPage\",\"@id\":\"https:\\\/\\\/adfinternational.org\\\/de\\\/veranstaltung-marsch-fuers-leben-wien-2025\",\"url\":\"https:\\\/\\\/adfinternational.org\\\/de\\\/veranstaltung-marsch-fuers-leben-wien-2025\",\"name\":\"Veranstaltung Marsch f\u00fcrs Leben Wien 2025 - ADF International\",\"isPartOf\":{\"@id\":\"https:\\\/\\\/adfinternational.org\\\/de\\\/#website\"},\"primaryImageOfPage\":{\"@id\":\"https:\\\/\\\/adfinternational.org\\\/de\\\/veranstaltung-marsch-fuers-leben-wien-2025#primaryimage\"},\"image\":{\"@id\":\"https:\\\/\\\/adfinternational.org\\\/de\\\/veranstaltung-marsch-fuers-leben-wien-2025#primaryimage\"},\"thumbnailUrl\":\"https:\\\/\\\/adfinternational.org\\\/wp-content\\\/uploads\\\/2025\\\/09\\\/m4l_cocktail_hero.webp\",\"datePublished\":\"2025-09-16T10:05:29+00:00\",\"dateModified\":\"2025-10-02T17:21:32+00:00\",\"breadcrumb\":{\"@id\":\"https:\\\/\\\/adfinternational.org\\\/de\\\/veranstaltung-marsch-fuers-leben-wien-2025#breadcrumb\"},\"inLanguage\":\"de-DE\",\"potentialAction\":[{\"@type\":\"ReadAction\",\"target\":[\"https:\\\/\\\/adfinternational.org\\\/de\\\/veranstaltung-marsch-fuers-leben-wien-2025\"]}]},{\"@type\":\"ImageObject\",\"inLanguage\":\"de-DE\",\"@id\":\"https:\\\/\\\/adfinternational.org\\\/de\\\/veranstaltung-marsch-fuers-leben-wien-2025#primaryimage\",\"url\":\"https:\\\/\\\/adfinternational.org\\\/wp-content\\\/uploads\\\/2025\\\/09\\\/m4l_cocktail_hero.webp\",\"contentUrl\":\"https:\\\/\\\/adfinternational.org\\\/wp-content\\\/uploads\\\/2025\\\/09\\\/m4l_cocktail_hero.webp\"},{\"@type\":\"BreadcrumbList\",\"@id\":\"https:\\\/\\\/adfinternational.org\\\/de\\\/veranstaltung-marsch-fuers-leben-wien-2025#breadcrumb\",\"itemListElement\":[{\"@type\":\"ListItem\",\"position\":1,\"name\":\"Home\",\"item\":\"https:\\\/\\\/adfinternational.org\\\/de\"},{\"@type\":\"ListItem\",\"position\":2,\"name\":\"Veranstaltung Marsch f\u00fcrs Leben Wien 2025\"}]},{\"@type\":\"WebSite\",\"@id\":\"https:\\\/\\\/adfinternational.org\\\/de\\\/#website\",\"url\":\"https:\\\/\\\/adfinternational.org\\\/de\\\/\",\"name\":\"ADF International\",\"description\":\"Protecting Fundamental Freedoms. Promoting Inherent Dignity.\",\"publisher\":{\"@id\":\"https:\\\/\\\/adfinternational.org\\\/de\\\/#organization\"},\"potentialAction\":[{\"@type\":\"SearchAction\",\"target\":{\"@type\":\"EntryPoint\",\"urlTemplate\":\"https:\\\/\\\/adfinternational.org\\\/de\\\/?s={search_term_string}\"},\"query-input\":{\"@type\":\"PropertyValueSpecification\",\"valueRequired\":true,\"valueName\":\"search_term_string\"}}],\"inLanguage\":\"de-DE\"},{\"@type\":\"Organization\",\"@id\":\"https:\\\/\\\/adfinternational.org\\\/de\\\/#organization\",\"name\":\"Alliance Defending Freedom International\",\"url\":\"https:\\\/\\\/adfinternational.org\\\/de\\\/\",\"logo\":{\"@type\":\"ImageObject\",\"inLanguage\":\"de-DE\",\"@id\":\"https:\\\/\\\/adfinternational.org\\\/de\\\/#\\\/schema\\\/logo\\\/image\\\/\",\"url\":\"https:\\\/\\\/adfinternational.org\\\/wp-content\\\/uploads\\\/2021\\\/08\\\/ADF_Intl_R_RGB_175px.png\",\"contentUrl\":\"https:\\\/\\\/adfinternational.org\\\/wp-content\\\/uploads\\\/2021\\\/08\\\/ADF_Intl_R_RGB_175px.png\",\"width\":175,\"height\":106,\"caption\":\"Alliance Defending Freedom International\"},\"image\":{\"@id\":\"https:\\\/\\\/adfinternational.org\\\/de\\\/#\\\/schema\\\/logo\\\/image\\\/\"},\"sameAs\":[\"https:\\\/\\\/facebook.com\\\/adfinternational\",\"https:\\\/\\\/x.com\\\/adfintl\",\"https:\\\/\\\/www.linkedin.com\\\/company\\\/adfinternational\",\"https:\\\/\\\/www.instagram.com\\\/adfinternational\\\/\"]}]}<\/script>\n<!-- \/ Yoast SEO Premium plugin. -->","yoast_head_json":{"title":"Veranstaltung Marsch f\u00fcrs Leben Wien 2025 - ADF International","robots":{"index":"index","follow":"nofollow","max-snippet":"max-snippet:-1","max-image-preview":"max-image-preview:large","max-video-preview":"max-video-preview:-1"},"canonical":"https:\/\/adfinternational.org\/de\/veranstaltung-marsch-fuers-leben-wien-2025","og_locale":"de_DE","og_type":"article","og_title":"Veranstaltung Marsch f\u00fcrs Leben Wien 2025","og_description":"ADF International, gemeinsam mit der Stiftung Ja zum Leben und dem Marsch f\u00fcr das Leben \u00d6sterreich, l\u00e4dt Sie herzlich zu einem Empfang am Vorabend des Marsches f\u00fcr das Leben ein. Wir freuen uns auf einen gemeinsamen Abend. Anmeldung Melden Sie sich hier f\u00fcr die ADF International Veranstaltung\u00a0 in Wien am Freitag, 3. Oktober 2025 um [&hellip;]","og_url":"https:\/\/adfinternational.org\/de\/veranstaltung-marsch-fuers-leben-wien-2025","og_site_name":"ADF International","article_publisher":"https:\/\/facebook.com\/adfinternational","article_modified_time":"2025-10-02T17:21:32+00:00","og_image":[{"width":1024,"height":1024,"url":"https:\/\/adfinternational.org\/wp-content\/uploads\/2025\/09\/m4l_cocktail_hero.webp","type":"image\/webp"}],"twitter_card":"summary_large_image","twitter_site":"@adfintl","twitter_misc":{"Gesch\u00e4tzte Lesezeit":"2 Minuten"},"schema":{"@context":"https:\/\/schema.org","@graph":[{"@type":"WebPage","@id":"https:\/\/adfinternational.org\/de\/veranstaltung-marsch-fuers-leben-wien-2025","url":"https:\/\/adfinternational.org\/de\/veranstaltung-marsch-fuers-leben-wien-2025","name":"Veranstaltung Marsch f\u00fcrs Leben Wien 2025 - ADF International","isPartOf":{"@id":"https:\/\/adfinternational.org\/de\/#website"},"primaryImageOfPage":{"@id":"https:\/\/adfinternational.org\/de\/veranstaltung-marsch-fuers-leben-wien-2025#primaryimage"},"image":{"@id":"https:\/\/adfinternational.org\/de\/veranstaltung-marsch-fuers-leben-wien-2025#primaryimage"},"thumbnailUrl":"https:\/\/adfinternational.org\/wp-content\/uploads\/2025\/09\/m4l_cocktail_hero.webp","datePublished":"2025-09-16T10:05:29+00:00","dateModified":"2025-10-02T17:21:32+00:00","breadcrumb":{"@id":"https:\/\/adfinternational.org\/de\/veranstaltung-marsch-fuers-leben-wien-2025#breadcrumb"},"inLanguage":"de-DE","potentialAction":[{"@type":"ReadAction","target":["https:\/\/adfinternational.org\/de\/veranstaltung-marsch-fuers-leben-wien-2025"]}]},{"@type":"ImageObject","inLanguage":"de-DE","@id":"https:\/\/adfinternational.org\/de\/veranstaltung-marsch-fuers-leben-wien-2025#primaryimage","url":"https:\/\/adfinternational.org\/wp-content\/uploads\/2025\/09\/m4l_cocktail_hero.webp","contentUrl":"https:\/\/adfinternational.org\/wp-content\/uploads\/2025\/09\/m4l_cocktail_hero.webp"},{"@type":"BreadcrumbList","@id":"https:\/\/adfinternational.org\/de\/veranstaltung-marsch-fuers-leben-wien-2025#breadcrumb","itemListElement":[{"@type":"ListItem","position":1,"name":"Home","item":"https:\/\/adfinternational.org\/de"},{"@type":"ListItem","position":2,"name":"Veranstaltung Marsch f\u00fcrs Leben Wien 2025"}]},{"@type":"WebSite","@id":"https:\/\/adfinternational.org\/de\/#website","url":"https:\/\/adfinternational.org\/de\/","name":"ADF International","description":"Protecting Fundamental Freedoms. Promoting Inherent Dignity.","publisher":{"@id":"https:\/\/adfinternational.org\/de\/#organization"},"potentialAction":[{"@type":"SearchAction","target":{"@type":"EntryPoint","urlTemplate":"https:\/\/adfinternational.org\/de\/?s={search_term_string}"},"query-input":{"@type":"PropertyValueSpecification","valueRequired":true,"valueName":"search_term_string"}}],"inLanguage":"de-DE"},{"@type":"Organization","@id":"https:\/\/adfinternational.org\/de\/#organization","name":"Alliance Defending Freedom International","url":"https:\/\/adfinternational.org\/de\/","logo":{"@type":"ImageObject","inLanguage":"de-DE","@id":"https:\/\/adfinternational.org\/de\/#\/schema\/logo\/image\/","url":"https:\/\/adfinternational.org\/wp-content\/uploads\/2021\/08\/ADF_Intl_R_RGB_175px.png","contentUrl":"https:\/\/adfinternational.org\/wp-content\/uploads\/2021\/08\/ADF_Intl_R_RGB_175px.png","width":175,"height":106,"caption":"Alliance Defending Freedom International"},"image":{"@id":"https:\/\/adfinternational.org\/de\/#\/schema\/logo\/image\/"},"sameAs":["https:\/\/facebook.com\/adfinternational","https:\/\/x.com\/adfintl","https:\/\/www.linkedin.com\/company\/adfinternational","https:\/\/www.instagram.com\/adfinternational\/"]}]}},"campaignId":"","_links":{"self":[{"href":"https:\/\/adfinternational.org\/de\/wp-json\/wp\/v2\/pages\/77378","targetHints":{"allow":["GET"]}}],"collection":[{"href":"https:\/\/adfinternational.org\/de\/wp-json\/wp\/v2\/pages"}],"about":[{"href":"https:\/\/adfinternational.org\/de\/wp-json\/wp\/v2\/types\/page"}],"author":[{"embeddable":true,"href":"https:\/\/adfinternational.org\/de\/wp-json\/wp\/v2\/users\/44"}],"replies":[{"embeddable":true,"href":"https:\/\/adfinternational.org\/de\/wp-json\/wp\/v2\/comments?post=77378"}],"version-history":[{"count":0,"href":"https:\/\/adfinternational.org\/de\/wp-json\/wp\/v2\/pages\/77378\/revisions"}],"wp:attachment":[{"href":"https:\/\/adfinternational.org\/de\/wp-json\/wp\/v2\/media?parent=77378"}],"curies":[{"name":"wp","href":"https:\/\/api.w.org\/{rel}","templated":true}]}}