{"id":44165,"date":"2021-06-22T09:45:11","date_gmt":"2021-06-22T08:45:11","guid":{"rendered":"https:\/\/adfinternational.org\/summit"},"modified":"2024-07-31T10:44:48","modified_gmt":"2024-07-31T09:44:48","slug":"summit","status":"publish","type":"page","link":"https:\/\/adfinternational.org\/es\/cumbre","title":{"rendered":"Cumbre"},"content":{"rendered":"\t\t<div data-elementor-type=\"wp-page\" data-elementor-id=\"44165\" class=\"elementor elementor-44165 elementor-693\" data-elementor-post-type=\"page\">\n\t\t\t\t\t\t<section class=\"elementor-section elementor-top-section elementor-element elementor-element-f7bb1d8 elementor-section-boxed elementor-section-height-default elementor-section-height-default\" data-id=\"f7bb1d8\" data-element_type=\"section\" data-e-type=\"section\">\n\t\t\t\t\t\t<div class=\"elementor-container elementor-column-gap-no\">\n\t\t\t\t\t<div class=\"elementor-column elementor-col-100 elementor-top-column elementor-element elementor-element-fbac591\" data-id=\"fbac591\" data-element_type=\"column\" data-e-type=\"column\">\n\t\t\t<div class=\"elementor-widget-wrap elementor-element-populated\">\n\t\t\t\t\t\t<div class=\"elementor-element elementor-element-1a23cec elementor-widget elementor-widget-image\" data-id=\"1a23cec\" data-element_type=\"widget\" data-e-type=\"widget\" data-widget_type=\"image.default\">\n\t\t\t\t<div class=\"elementor-widget-container\">\n\t\t\t\t\t\t\t\t\t\t\t\t\t\t\t<img fetchpriority=\"high\" decoding=\"async\" width=\"1920\" height=\"921\" src=\"https:\/\/adfinternational.org\/wp-content\/uploads\/2021\/06\/9V6A0846-e1624355102689.jpg\" class=\"attachment-full size-full wp-image-27197\" alt=\"\" srcset=\"https:\/\/adfinternational.org\/wp-content\/uploads\/2021\/06\/9V6A0846-e1624355102689.jpg 1920w, https:\/\/adfinternational.org\/wp-content\/uploads\/2021\/06\/9V6A0846-e1624355102689-300x144.jpg 300w, https:\/\/adfinternational.org\/wp-content\/uploads\/2021\/06\/9V6A0846-e1624355102689-1024x491.jpg 1024w, https:\/\/adfinternational.org\/wp-content\/uploads\/2021\/06\/9V6A0846-e1624355102689-768x368.jpg 768w, https:\/\/adfinternational.org\/wp-content\/uploads\/2021\/06\/9V6A0846-e1624355102689-1536x737.jpg 1536w\" sizes=\"(max-width: 1920px) 100vw, 1920px\" \/>\t\t\t\t\t\t\t\t\t\t\t\t\t\t\t<\/div>\n\t\t\t\t<\/div>\n\t\t\t\t\t<\/div>\n\t\t<\/div>\n\t\t\t\t\t<\/div>\n\t\t<\/section>\n\t\t\t\t<section class=\"elementor-section elementor-top-section elementor-element elementor-element-624cf3e elementor-section-boxed elementor-section-height-default elementor-section-height-default\" data-id=\"624cf3e\" data-element_type=\"section\" data-e-type=\"section\">\n\t\t\t\t\t\t<div class=\"elementor-container elementor-column-gap-default\">\n\t\t\t\t\t<div class=\"elementor-column elementor-col-100 elementor-top-column elementor-element elementor-element-628c396\" data-id=\"628c396\" data-element_type=\"column\" data-e-type=\"column\">\n\t\t\t<div class=\"elementor-widget-wrap elementor-element-populated\">\n\t\t\t\t\t\t<div class=\"elementor-element elementor-element-39f2c6b elementor-widget elementor-widget-heading\" data-id=\"39f2c6b\" data-element_type=\"widget\" data-e-type=\"widget\" data-widget_type=\"heading.default\">\n\t\t\t\t<div class=\"elementor-widget-container\">\n\t\t\t\t\t<h1 class=\"elementor-heading-title elementor-size-default\">Cumbre de libertad religiosa<\/h1>\t\t\t\t<\/div>\n\t\t\t\t<\/div>\n\t\t\t\t<div class=\"elementor-element elementor-element-5e053c1 elementor-widget elementor-widget-text-editor\" data-id=\"5e053c1\" data-element_type=\"widget\" data-e-type=\"widget\" data-widget_type=\"text-editor.default\">\n\t\t\t\t<div class=\"elementor-widget-container\">\n\t\t\t\t\t\t\t\t\t<p><strong>Preparaci\u00f3n para marcar la diferencia<\/strong><\/p><p>La Cumbre de Libertad Religiosa organizada por Alliance Defending Freedom, socio de ADF International, es un programa excepcional que integra en forma arm\u00f3nica una formaci\u00f3n jur\u00eddica inigualable con un compromiso inquebrantable con los principios cristianos. M\u00e1s de 2,000 abogados han sido parte de esta experiencia desde su fundaci\u00f3n en 1997. M\u00e1s de 200 de ellos han representado a casi 50 pa\u00edses. <br \/>Si bien los temas abordados, e incluso la estructura misma de la Cumbre han cambiado a lo largo de los a\u00f1os para responder a los problemas y necesidades m\u00e1s apremiantes de la alianza, el objetivo general es el mismo: capacitar a los asistentes para defender eficazmente la libertad religiosa, la santidad de la vida, el matrimonio y la familia. Los asistentes tambi\u00e9n pasan a ser parte de un movimiento global en constante expansi\u00f3n, que trabaja en conjunto para transformar nuestra cultura legal. <br \/>La Cumbre re\u00fane abogados cristianos de todo el mundo, especializados en todas las \u00e1reas del servicio p\u00fablico y privado. Los participantes interact\u00faan con profesores de renombre y participan de un examen acad\u00e9mico sobre los principios del derecho natural, la jurisprudencia constitucional, y el desarrollo de la cosmovisi\u00f3n. La adoraci\u00f3n diaria y las distintas pr\u00e1cticas de devoci\u00f3n refuerzan la importancia de las creencias fundamentales para la pr\u00e1ctica del derecho.<\/p><p>\u00a0<\/p>\t\t\t\t\t\t\t\t<\/div>\n\t\t\t\t<\/div>\n\t\t\t\t\t<\/div>\n\t\t<\/div>\n\t\t\t\t\t<\/div>\n\t\t<\/section>\n\t\t\t\t<section class=\"elementor-section elementor-top-section elementor-element elementor-element-2a01c27 elementor-section-boxed elementor-section-height-default elementor-section-height-default\" data-id=\"2a01c27\" data-element_type=\"section\" data-e-type=\"section\">\n\t\t\t\t\t\t<div class=\"elementor-container elementor-column-gap-default\">\n\t\t\t\t\t<div class=\"elementor-column elementor-col-100 elementor-top-column elementor-element elementor-element-60938aa\" data-id=\"60938aa\" data-element_type=\"column\" data-e-type=\"column\">\n\t\t\t<div class=\"elementor-widget-wrap elementor-element-populated\">\n\t\t\t\t\t\t<div class=\"elementor-element elementor-element-f94e496 elementor-widget elementor-widget-text-editor\" data-id=\"f94e496\" data-element_type=\"widget\" data-e-type=\"widget\" data-widget_type=\"text-editor.default\">\n\t\t\t\t<div class=\"elementor-widget-container\">\n\t\t\t\t\t\t\t\t\t<h2>\u00bfLe interesa la cumbre?<\/h2>\t\t\t\t\t\t\t\t<\/div>\n\t\t\t\t<\/div>\n\t\t\t\t<div class=\"elementor-element elementor-element-3ab0a74 elementor-align-center elementor-widget elementor-widget-button\" data-id=\"3ab0a74\" data-element_type=\"widget\" data-e-type=\"widget\" data-widget_type=\"button.default\">\n\t\t\t\t<div class=\"elementor-widget-container\">\n\t\t\t\t\t\t\t\t\t<div class=\"elementor-button-wrapper\">\n\t\t\t\t\t<a class=\"elementor-button elementor-button-link elementor-size-md\" href=\"\/contact\" id=\"\/es\/contactar\">\n\t\t\t\t\t\t<span class=\"elementor-button-content-wrapper\">\n\t\t\t\t\t\t\t\t\t<span class=\"elementor-button-text\">Contactar<\/span>\n\t\t\t\t\t<\/span>\n\t\t\t\t\t<\/a>\n\t\t\t\t<\/div>\n\t\t\t\t\t\t\t\t<\/div>\n\t\t\t\t<\/div>\n\t\t\t\t\t<\/div>\n\t\t<\/div>\n\t\t\t\t\t<\/div>\n\t\t<\/section>\n\t\t\t\t<\/div>\n\t\t","protected":false},"excerpt":{"rendered":"<p>Cumbre de libertad religiosa Preparaci\u00f3n para marcar la diferencia La Cumbre de Libertad Religiosa organizada por Alliance Defending Freedom, socio de ADF International, es un programa excepcional que integra en forma arm\u00f3nica una formaci\u00f3n jur\u00eddica inigualable con un compromiso inquebrantable con los principios cristianos. M\u00e1s de 2,000 abogados han sido parte de esta experiencia desde [&hellip;]<\/p>\n","protected":false},"author":5,"featured_media":0,"parent":0,"menu_order":0,"comment_status":"closed","ping_status":"closed","template":"","meta":{"_acf_changed":false,"give_campaign_id":0,"footnotes":""},"class_list":["post-44165","page","type-page","status-publish","hentry"],"acf":[],"yoast_head":"<!-- This site is optimized with the Yoast SEO Premium plugin v27.3 (Yoast SEO v27.3) - https:\/\/yoast.com\/product\/yoast-seo-premium-wordpress\/ -->\n<title>Cumbre - ADF International<\/title>\n<meta name=\"robots\" content=\"index, follow, max-snippet:-1, max-image-preview:large, max-video-preview:-1\" \/>\n<link rel=\"canonical\" href=\"https:\/\/adfinternational.org\/es\/cumbre\" \/>\n<meta property=\"og:locale\" content=\"es_ES\" \/>\n<meta property=\"og:type\" content=\"article\" \/>\n<meta property=\"og:title\" content=\"Cumbre\" \/>\n<meta property=\"og:description\" content=\"Cumbre de libertad religiosa Preparaci\u00f3n para marcar la diferencia La Cumbre de Libertad Religiosa organizada por Alliance Defending Freedom, socio de ADF International, es un programa excepcional que integra en forma arm\u00f3nica una formaci\u00f3n jur\u00eddica inigualable con un compromiso inquebrantable con los principios cristianos. M\u00e1s de 2,000 abogados han sido parte de esta experiencia desde [&hellip;]\" \/>\n<meta property=\"og:url\" content=\"https:\/\/adfinternational.org\/es\/cumbre\" \/>\n<meta property=\"og:site_name\" content=\"ADF International\" \/>\n<meta property=\"article:publisher\" content=\"https:\/\/facebook.com\/adfinternational\" \/>\n<meta property=\"article:modified_time\" content=\"2024-07-31T09:44:48+00:00\" \/>\n<meta property=\"og:image\" content=\"https:\/\/adfinternational.org\/wp-content\/uploads\/2021\/06\/9V6A0846-e1624355102689.jpg\" \/>\n<meta name=\"twitter:card\" content=\"summary_large_image\" \/>\n<meta name=\"twitter:site\" content=\"@adfintl\" \/>\n<meta name=\"twitter:label1\" content=\"Tiempo de lectura\" \/>\n\t<meta name=\"twitter:data1\" content=\"2 minutos\" \/>\n<script type=\"application\/ld+json\" class=\"yoast-schema-graph\">{\"@context\":\"https:\\\/\\\/schema.org\",\"@graph\":[{\"@type\":\"WebPage\",\"@id\":\"https:\\\/\\\/adfinternational.org\\\/es\\\/cumbre\",\"url\":\"https:\\\/\\\/adfinternational.org\\\/es\\\/cumbre\",\"name\":\"Cumbre - ADF International\",\"isPartOf\":{\"@id\":\"https:\\\/\\\/adfinternational.org\\\/es\\\/#website\"},\"primaryImageOfPage\":{\"@id\":\"https:\\\/\\\/adfinternational.org\\\/es\\\/cumbre#primaryimage\"},\"image\":{\"@id\":\"https:\\\/\\\/adfinternational.org\\\/es\\\/cumbre#primaryimage\"},\"thumbnailUrl\":\"https:\\\/\\\/adfinternational.org\\\/wp-content\\\/uploads\\\/2021\\\/06\\\/9V6A0846-e1624355102689.jpg\",\"datePublished\":\"2021-06-22T08:45:11+00:00\",\"dateModified\":\"2024-07-31T09:44:48+00:00\",\"breadcrumb\":{\"@id\":\"https:\\\/\\\/adfinternational.org\\\/es\\\/cumbre#breadcrumb\"},\"inLanguage\":\"es\",\"potentialAction\":[{\"@type\":\"ReadAction\",\"target\":[\"https:\\\/\\\/adfinternational.org\\\/es\\\/cumbre\"]}]},{\"@type\":\"ImageObject\",\"inLanguage\":\"es\",\"@id\":\"https:\\\/\\\/adfinternational.org\\\/es\\\/cumbre#primaryimage\",\"url\":\"https:\\\/\\\/adfinternational.org\\\/wp-content\\\/uploads\\\/2021\\\/06\\\/9V6A0846-e1624355102689.jpg\",\"contentUrl\":\"https:\\\/\\\/adfinternational.org\\\/wp-content\\\/uploads\\\/2021\\\/06\\\/9V6A0846-e1624355102689.jpg\"},{\"@type\":\"BreadcrumbList\",\"@id\":\"https:\\\/\\\/adfinternational.org\\\/es\\\/cumbre#breadcrumb\",\"itemListElement\":[{\"@type\":\"ListItem\",\"position\":1,\"name\":\"Home\",\"item\":\"https:\\\/\\\/adfinternational.org\\\/es\"},{\"@type\":\"ListItem\",\"position\":2,\"name\":\"Cumbre\"}]},{\"@type\":\"WebSite\",\"@id\":\"https:\\\/\\\/adfinternational.org\\\/es\\\/#website\",\"url\":\"https:\\\/\\\/adfinternational.org\\\/es\\\/\",\"name\":\"ADF International\",\"description\":\"Protecting Fundamental Freedoms. Promoting Inherent Dignity.\",\"publisher\":{\"@id\":\"https:\\\/\\\/adfinternational.org\\\/es\\\/#organization\"},\"potentialAction\":[{\"@type\":\"SearchAction\",\"target\":{\"@type\":\"EntryPoint\",\"urlTemplate\":\"https:\\\/\\\/adfinternational.org\\\/es\\\/?s={search_term_string}\"},\"query-input\":{\"@type\":\"PropertyValueSpecification\",\"valueRequired\":true,\"valueName\":\"search_term_string\"}}],\"inLanguage\":\"es\"},{\"@type\":\"Organization\",\"@id\":\"https:\\\/\\\/adfinternational.org\\\/es\\\/#organization\",\"name\":\"Alliance Defending Freedom International\",\"url\":\"https:\\\/\\\/adfinternational.org\\\/es\\\/\",\"logo\":{\"@type\":\"ImageObject\",\"inLanguage\":\"es\",\"@id\":\"https:\\\/\\\/adfinternational.org\\\/es\\\/#\\\/schema\\\/logo\\\/image\\\/\",\"url\":\"https:\\\/\\\/adfinternational.org\\\/wp-content\\\/uploads\\\/2021\\\/08\\\/ADF_Intl_R_RGB_175px.png\",\"contentUrl\":\"https:\\\/\\\/adfinternational.org\\\/wp-content\\\/uploads\\\/2021\\\/08\\\/ADF_Intl_R_RGB_175px.png\",\"width\":175,\"height\":106,\"caption\":\"Alliance Defending Freedom International\"},\"image\":{\"@id\":\"https:\\\/\\\/adfinternational.org\\\/es\\\/#\\\/schema\\\/logo\\\/image\\\/\"},\"sameAs\":[\"https:\\\/\\\/facebook.com\\\/adfinternational\",\"https:\\\/\\\/x.com\\\/adfintl\",\"https:\\\/\\\/www.linkedin.com\\\/company\\\/adfinternational\",\"https:\\\/\\\/www.instagram.com\\\/adfinternational\\\/\"]}]}<\/script>\n<!-- \/ Yoast SEO Premium plugin. -->","yoast_head_json":{"title":"Cumbre - ADF International","robots":{"index":"index","follow":"follow","max-snippet":"max-snippet:-1","max-image-preview":"max-image-preview:large","max-video-preview":"max-video-preview:-1"},"canonical":"https:\/\/adfinternational.org\/es\/cumbre","og_locale":"es_ES","og_type":"article","og_title":"Cumbre","og_description":"Cumbre de libertad religiosa Preparaci\u00f3n para marcar la diferencia La Cumbre de Libertad Religiosa organizada por Alliance Defending Freedom, socio de ADF International, es un programa excepcional que integra en forma arm\u00f3nica una formaci\u00f3n jur\u00eddica inigualable con un compromiso inquebrantable con los principios cristianos. M\u00e1s de 2,000 abogados han sido parte de esta experiencia desde [&hellip;]","og_url":"https:\/\/adfinternational.org\/es\/cumbre","og_site_name":"ADF International","article_publisher":"https:\/\/facebook.com\/adfinternational","article_modified_time":"2024-07-31T09:44:48+00:00","og_image":[{"url":"https:\/\/adfinternational.org\/wp-content\/uploads\/2021\/06\/9V6A0846-e1624355102689.jpg","type":"","width":"","height":""}],"twitter_card":"summary_large_image","twitter_site":"@adfintl","twitter_misc":{"Tiempo de lectura":"2 minutos"},"schema":{"@context":"https:\/\/schema.org","@graph":[{"@type":"WebPage","@id":"https:\/\/adfinternational.org\/es\/cumbre","url":"https:\/\/adfinternational.org\/es\/cumbre","name":"Cumbre - ADF International","isPartOf":{"@id":"https:\/\/adfinternational.org\/es\/#website"},"primaryImageOfPage":{"@id":"https:\/\/adfinternational.org\/es\/cumbre#primaryimage"},"image":{"@id":"https:\/\/adfinternational.org\/es\/cumbre#primaryimage"},"thumbnailUrl":"https:\/\/adfinternational.org\/wp-content\/uploads\/2021\/06\/9V6A0846-e1624355102689.jpg","datePublished":"2021-06-22T08:45:11+00:00","dateModified":"2024-07-31T09:44:48+00:00","breadcrumb":{"@id":"https:\/\/adfinternational.org\/es\/cumbre#breadcrumb"},"inLanguage":"es","potentialAction":[{"@type":"ReadAction","target":["https:\/\/adfinternational.org\/es\/cumbre"]}]},{"@type":"ImageObject","inLanguage":"es","@id":"https:\/\/adfinternational.org\/es\/cumbre#primaryimage","url":"https:\/\/adfinternational.org\/wp-content\/uploads\/2021\/06\/9V6A0846-e1624355102689.jpg","contentUrl":"https:\/\/adfinternational.org\/wp-content\/uploads\/2021\/06\/9V6A0846-e1624355102689.jpg"},{"@type":"BreadcrumbList","@id":"https:\/\/adfinternational.org\/es\/cumbre#breadcrumb","itemListElement":[{"@type":"ListItem","position":1,"name":"Home","item":"https:\/\/adfinternational.org\/es"},{"@type":"ListItem","position":2,"name":"Cumbre"}]},{"@type":"WebSite","@id":"https:\/\/adfinternational.org\/es\/#website","url":"https:\/\/adfinternational.org\/es\/","name":"ADF International","description":"Protecting Fundamental Freedoms. Promoting Inherent Dignity.","publisher":{"@id":"https:\/\/adfinternational.org\/es\/#organization"},"potentialAction":[{"@type":"SearchAction","target":{"@type":"EntryPoint","urlTemplate":"https:\/\/adfinternational.org\/es\/?s={search_term_string}"},"query-input":{"@type":"PropertyValueSpecification","valueRequired":true,"valueName":"search_term_string"}}],"inLanguage":"es"},{"@type":"Organization","@id":"https:\/\/adfinternational.org\/es\/#organization","name":"Alliance Defending Freedom International","url":"https:\/\/adfinternational.org\/es\/","logo":{"@type":"ImageObject","inLanguage":"es","@id":"https:\/\/adfinternational.org\/es\/#\/schema\/logo\/image\/","url":"https:\/\/adfinternational.org\/wp-content\/uploads\/2021\/08\/ADF_Intl_R_RGB_175px.png","contentUrl":"https:\/\/adfinternational.org\/wp-content\/uploads\/2021\/08\/ADF_Intl_R_RGB_175px.png","width":175,"height":106,"caption":"Alliance Defending Freedom International"},"image":{"@id":"https:\/\/adfinternational.org\/es\/#\/schema\/logo\/image\/"},"sameAs":["https:\/\/facebook.com\/adfinternational","https:\/\/x.com\/adfintl","https:\/\/www.linkedin.com\/company\/adfinternational","https:\/\/www.instagram.com\/adfinternational\/"]}]}},"campaignId":"","_links":{"self":[{"href":"https:\/\/adfinternational.org\/es\/wp-json\/wp\/v2\/pages\/44165","targetHints":{"allow":["GET"]}}],"collection":[{"href":"https:\/\/adfinternational.org\/es\/wp-json\/wp\/v2\/pages"}],"about":[{"href":"https:\/\/adfinternational.org\/es\/wp-json\/wp\/v2\/types\/page"}],"author":[{"embeddable":true,"href":"https:\/\/adfinternational.org\/es\/wp-json\/wp\/v2\/users\/5"}],"replies":[{"embeddable":true,"href":"https:\/\/adfinternational.org\/es\/wp-json\/wp\/v2\/comments?post=44165"}],"version-history":[{"count":0,"href":"https:\/\/adfinternational.org\/es\/wp-json\/wp\/v2\/pages\/44165\/revisions"}],"wp:attachment":[{"href":"https:\/\/adfinternational.org\/es\/wp-json\/wp\/v2\/media?parent=44165"}],"curies":[{"name":"wp","href":"https:\/\/api.w.org\/{rel}","templated":true}]}}