{"id":45528,"date":"2024-04-03T09:02:36","date_gmt":"2024-04-03T08:02:36","guid":{"rendered":"https:\/\/adfinternational.org\/?page_id=45528"},"modified":"2025-11-19T12:27:17","modified_gmt":"2025-11-19T11:27:17","slug":"mentions-legales","status":"publish","type":"page","link":"https:\/\/adfinternational.org\/fr\/mentions-legales","title":{"rendered":"Mentions l\u00e9gales"},"content":{"rendered":"\t\t<div data-elementor-type=\"wp-page\" data-elementor-id=\"45528\" class=\"elementor elementor-45528\" data-elementor-post-type=\"page\">\n\t\t\t\t\t\t<section class=\"elementor-section elementor-top-section elementor-element elementor-element-5baf3f8 elementor-section-boxed elementor-section-height-default elementor-section-height-default\" data-id=\"5baf3f8\" data-element_type=\"section\" data-e-type=\"section\">\n\t\t\t\t\t\t<div class=\"elementor-container elementor-column-gap-default\">\n\t\t\t\t\t<div class=\"elementor-column elementor-col-100 elementor-top-column elementor-element elementor-element-dcef3da\" data-id=\"dcef3da\" data-element_type=\"column\" data-e-type=\"column\">\n\t\t\t<div class=\"elementor-widget-wrap elementor-element-populated\">\n\t\t\t\t\t\t<div class=\"elementor-element elementor-element-87a6698 elementor-widget elementor-widget-heading\" data-id=\"87a6698\" data-element_type=\"widget\" data-e-type=\"widget\" data-widget_type=\"heading.default\">\n\t\t\t\t<div class=\"elementor-widget-container\">\n\t\t\t\t\t<h2 class=\"elementor-heading-title elementor-size-default\">Impressum<\/h2>\t\t\t\t<\/div>\n\t\t\t\t<\/div>\n\t\t\t\t<div class=\"elementor-element elementor-element-5d2a0c1 elementor-widget elementor-widget-text-editor\" data-id=\"5d2a0c1\" data-element_type=\"widget\" data-e-type=\"widget\" data-widget_type=\"text-editor.default\">\n\t\t\t\t<div class=\"elementor-widget-container\">\n\t\t\t\t\t\t\t\t\t<p>Propri\u00e9taire de ce site : ADF International<\/p><p>Coordonn\u00e9es<\/p><p>Pour effectuer une notification, demander un changement d\u2019adresse ou demander des informations sur des donn\u00e9es \u00e0 caract\u00e8re personnel, veuillez envoyer un courriel \u00e0 contact@adfinternational.org ou envoyer un courrier \u00e0 l\u2019adresse suivante : ADF International Austria gGmbH, Postfach 5, 1037 Wien, AT<\/p><p>ADF INTERNATIONAL : Domiciliation : Vienne | Adresse : Postfach 5, 1037 Vienne, Autriche<\/p>\t\t\t\t\t\t\t\t<\/div>\n\t\t\t\t<\/div>\n\t\t\t\t\t<\/div>\n\t\t<\/div>\n\t\t\t\t\t<\/div>\n\t\t<\/section>\n\t\t\t\t<\/div>\n\t\t","protected":false},"excerpt":{"rendered":"<p>Impressum Propri\u00e9taire de ce site : ADF International Coordonn\u00e9es Pour effectuer une notification, demander un changement d\u2019adresse ou demander des informations sur des donn\u00e9es \u00e0 caract\u00e8re personnel, veuillez envoyer un courriel \u00e0 contact@adfinternational.org ou envoyer un courrier \u00e0 l\u2019adresse suivante : ADF International Austria gGmbH, Postfach 5, 1037 Wien, AT ADF INTERNATIONAL : Domiciliation : [&hellip;]<\/p>\n","protected":false},"author":44,"featured_media":0,"parent":0,"menu_order":0,"comment_status":"closed","ping_status":"closed","template":"","meta":{"_acf_changed":false,"give_campaign_id":0,"footnotes":""},"class_list":["post-45528","page","type-page","status-publish","hentry"],"acf":[],"yoast_head":"<!-- This site is optimized with the Yoast SEO Premium plugin v27.5 (Yoast SEO v27.5) - https:\/\/yoast.com\/product\/yoast-seo-premium-wordpress\/ -->\n<title>Mentions l\u00e9gales - ADF International<\/title>\n<meta name=\"robots\" content=\"index, follow, max-snippet:-1, max-image-preview:large, max-video-preview:-1\" \/>\n<link rel=\"canonical\" href=\"https:\/\/adfinternational.org\/fr\/mentions-legales\" \/>\n<meta property=\"og:locale\" content=\"fr_FR\" \/>\n<meta property=\"og:type\" content=\"article\" \/>\n<meta property=\"og:title\" content=\"Mentions l\u00e9gales\" \/>\n<meta property=\"og:description\" content=\"Impressum Propri\u00e9taire de ce site : ADF International Coordonn\u00e9es Pour effectuer une notification, demander un changement d\u2019adresse ou demander des informations sur des donn\u00e9es \u00e0 caract\u00e8re personnel, veuillez envoyer un courriel \u00e0 contact@adfinternational.org ou envoyer un courrier \u00e0 l\u2019adresse suivante : ADF International Austria gGmbH, Postfach 5, 1037 Wien, AT ADF INTERNATIONAL : Domiciliation : [&hellip;]\" \/>\n<meta property=\"og:url\" content=\"https:\/\/adfinternational.org\/fr\/mentions-legales\" \/>\n<meta property=\"og:site_name\" content=\"ADF International\" \/>\n<meta property=\"article:publisher\" content=\"https:\/\/facebook.com\/adfinternational\" \/>\n<meta property=\"article:modified_time\" content=\"2025-11-19T11:27:17+00:00\" \/>\n<meta name=\"twitter:card\" content=\"summary_large_image\" \/>\n<meta name=\"twitter:site\" content=\"@adfintl\" \/>\n<meta name=\"twitter:label1\" content=\"Dur\u00e9e de lecture estim\u00e9e\" \/>\n\t<meta name=\"twitter:data1\" content=\"1 minute\" \/>\n<script type=\"application\/ld+json\" class=\"yoast-schema-graph\">{\"@context\":\"https:\\\/\\\/schema.org\",\"@graph\":[{\"@type\":\"WebPage\",\"@id\":\"https:\\\/\\\/adfinternational.org\\\/fr\\\/mentions-legales\",\"url\":\"https:\\\/\\\/adfinternational.org\\\/fr\\\/mentions-legales\",\"name\":\"Mentions l\u00e9gales - ADF International\",\"isPartOf\":{\"@id\":\"https:\\\/\\\/adfinternational.org\\\/fr\\\/#website\"},\"datePublished\":\"2024-04-03T08:02:36+00:00\",\"dateModified\":\"2025-11-19T11:27:17+00:00\",\"breadcrumb\":{\"@id\":\"https:\\\/\\\/adfinternational.org\\\/fr\\\/mentions-legales#breadcrumb\"},\"inLanguage\":\"fr-FR\",\"potentialAction\":[{\"@type\":\"ReadAction\",\"target\":[\"https:\\\/\\\/adfinternational.org\\\/fr\\\/mentions-legales\"]}]},{\"@type\":\"BreadcrumbList\",\"@id\":\"https:\\\/\\\/adfinternational.org\\\/fr\\\/mentions-legales#breadcrumb\",\"itemListElement\":[{\"@type\":\"ListItem\",\"position\":1,\"name\":\"Home\",\"item\":\"https:\\\/\\\/adfinternational.org\\\/fr\"},{\"@type\":\"ListItem\",\"position\":2,\"name\":\"Mentions l\u00e9gales\"}]},{\"@type\":\"WebSite\",\"@id\":\"https:\\\/\\\/adfinternational.org\\\/fr\\\/#website\",\"url\":\"https:\\\/\\\/adfinternational.org\\\/fr\\\/\",\"name\":\"ADF International\",\"description\":\"Protecting Fundamental Freedoms. Promoting Inherent Dignity.\",\"publisher\":{\"@id\":\"https:\\\/\\\/adfinternational.org\\\/fr\\\/#organization\"},\"potentialAction\":[{\"@type\":\"SearchAction\",\"target\":{\"@type\":\"EntryPoint\",\"urlTemplate\":\"https:\\\/\\\/adfinternational.org\\\/fr\\\/?s={search_term_string}\"},\"query-input\":{\"@type\":\"PropertyValueSpecification\",\"valueRequired\":true,\"valueName\":\"search_term_string\"}}],\"inLanguage\":\"fr-FR\"},{\"@type\":\"Organization\",\"@id\":\"https:\\\/\\\/adfinternational.org\\\/fr\\\/#organization\",\"name\":\"Alliance Defending Freedom International\",\"url\":\"https:\\\/\\\/adfinternational.org\\\/fr\\\/\",\"logo\":{\"@type\":\"ImageObject\",\"inLanguage\":\"fr-FR\",\"@id\":\"https:\\\/\\\/adfinternational.org\\\/fr\\\/#\\\/schema\\\/logo\\\/image\\\/\",\"url\":\"https:\\\/\\\/adfinternational.org\\\/wp-content\\\/uploads\\\/2021\\\/08\\\/ADF_Intl_R_RGB_175px.png\",\"contentUrl\":\"https:\\\/\\\/adfinternational.org\\\/wp-content\\\/uploads\\\/2021\\\/08\\\/ADF_Intl_R_RGB_175px.png\",\"width\":175,\"height\":106,\"caption\":\"Alliance Defending Freedom International\"},\"image\":{\"@id\":\"https:\\\/\\\/adfinternational.org\\\/fr\\\/#\\\/schema\\\/logo\\\/image\\\/\"},\"sameAs\":[\"https:\\\/\\\/facebook.com\\\/adfinternational\",\"https:\\\/\\\/x.com\\\/adfintl\",\"https:\\\/\\\/www.linkedin.com\\\/company\\\/adfinternational\",\"https:\\\/\\\/www.instagram.com\\\/adfinternational\\\/\"]}]}<\/script>\n<!-- \/ Yoast SEO Premium plugin. -->","yoast_head_json":{"title":"Mentions l\u00e9gales - ADF International","robots":{"index":"index","follow":"follow","max-snippet":"max-snippet:-1","max-image-preview":"max-image-preview:large","max-video-preview":"max-video-preview:-1"},"canonical":"https:\/\/adfinternational.org\/fr\/mentions-legales","og_locale":"fr_FR","og_type":"article","og_title":"Mentions l\u00e9gales","og_description":"Impressum Propri\u00e9taire de ce site : ADF International Coordonn\u00e9es Pour effectuer une notification, demander un changement d\u2019adresse ou demander des informations sur des donn\u00e9es \u00e0 caract\u00e8re personnel, veuillez envoyer un courriel \u00e0 contact@adfinternational.org ou envoyer un courrier \u00e0 l\u2019adresse suivante : ADF International Austria gGmbH, Postfach 5, 1037 Wien, AT ADF INTERNATIONAL : Domiciliation : [&hellip;]","og_url":"https:\/\/adfinternational.org\/fr\/mentions-legales","og_site_name":"ADF International","article_publisher":"https:\/\/facebook.com\/adfinternational","article_modified_time":"2025-11-19T11:27:17+00:00","twitter_card":"summary_large_image","twitter_site":"@adfintl","twitter_misc":{"Dur\u00e9e de lecture estim\u00e9e":"1 minute"},"schema":{"@context":"https:\/\/schema.org","@graph":[{"@type":"WebPage","@id":"https:\/\/adfinternational.org\/fr\/mentions-legales","url":"https:\/\/adfinternational.org\/fr\/mentions-legales","name":"Mentions l\u00e9gales - ADF International","isPartOf":{"@id":"https:\/\/adfinternational.org\/fr\/#website"},"datePublished":"2024-04-03T08:02:36+00:00","dateModified":"2025-11-19T11:27:17+00:00","breadcrumb":{"@id":"https:\/\/adfinternational.org\/fr\/mentions-legales#breadcrumb"},"inLanguage":"fr-FR","potentialAction":[{"@type":"ReadAction","target":["https:\/\/adfinternational.org\/fr\/mentions-legales"]}]},{"@type":"BreadcrumbList","@id":"https:\/\/adfinternational.org\/fr\/mentions-legales#breadcrumb","itemListElement":[{"@type":"ListItem","position":1,"name":"Home","item":"https:\/\/adfinternational.org\/fr"},{"@type":"ListItem","position":2,"name":"Mentions l\u00e9gales"}]},{"@type":"WebSite","@id":"https:\/\/adfinternational.org\/fr\/#website","url":"https:\/\/adfinternational.org\/fr\/","name":"ADF International","description":"Protecting Fundamental Freedoms. Promoting Inherent Dignity.","publisher":{"@id":"https:\/\/adfinternational.org\/fr\/#organization"},"potentialAction":[{"@type":"SearchAction","target":{"@type":"EntryPoint","urlTemplate":"https:\/\/adfinternational.org\/fr\/?s={search_term_string}"},"query-input":{"@type":"PropertyValueSpecification","valueRequired":true,"valueName":"search_term_string"}}],"inLanguage":"fr-FR"},{"@type":"Organization","@id":"https:\/\/adfinternational.org\/fr\/#organization","name":"Alliance Defending Freedom International","url":"https:\/\/adfinternational.org\/fr\/","logo":{"@type":"ImageObject","inLanguage":"fr-FR","@id":"https:\/\/adfinternational.org\/fr\/#\/schema\/logo\/image\/","url":"https:\/\/adfinternational.org\/wp-content\/uploads\/2021\/08\/ADF_Intl_R_RGB_175px.png","contentUrl":"https:\/\/adfinternational.org\/wp-content\/uploads\/2021\/08\/ADF_Intl_R_RGB_175px.png","width":175,"height":106,"caption":"Alliance Defending Freedom International"},"image":{"@id":"https:\/\/adfinternational.org\/fr\/#\/schema\/logo\/image\/"},"sameAs":["https:\/\/facebook.com\/adfinternational","https:\/\/x.com\/adfintl","https:\/\/www.linkedin.com\/company\/adfinternational","https:\/\/www.instagram.com\/adfinternational\/"]}]}},"campaignId":"","_links":{"self":[{"href":"https:\/\/adfinternational.org\/fr\/wp-json\/wp\/v2\/pages\/45528","targetHints":{"allow":["GET"]}}],"collection":[{"href":"https:\/\/adfinternational.org\/fr\/wp-json\/wp\/v2\/pages"}],"about":[{"href":"https:\/\/adfinternational.org\/fr\/wp-json\/wp\/v2\/types\/page"}],"author":[{"embeddable":true,"href":"https:\/\/adfinternational.org\/fr\/wp-json\/wp\/v2\/users\/44"}],"replies":[{"embeddable":true,"href":"https:\/\/adfinternational.org\/fr\/wp-json\/wp\/v2\/comments?post=45528"}],"version-history":[{"count":0,"href":"https:\/\/adfinternational.org\/fr\/wp-json\/wp\/v2\/pages\/45528\/revisions"}],"wp:attachment":[{"href":"https:\/\/adfinternational.org\/fr\/wp-json\/wp\/v2\/media?parent=45528"}],"curies":[{"name":"wp","href":"https:\/\/api.w.org\/{rel}","templated":true}]}}